{"id":43,"date":"2014-11-08T21:15:22","date_gmt":"2014-11-08T19:15:22","guid":{"rendered":"http:\/\/uam2015.stephanie-woessner.de\/?page_id=43"},"modified":"2018-06-02T11:49:16","modified_gmt":"2018-06-02T09:49:16","slug":"mentions-legales-impressum","status":"publish","type":"page","link":"http:\/\/uam2016.stephanie-woessner.de\/de\/mentions-legales-impressum\/","title":{"rendered":"Impressum"},"content":{"rendered":"<p><\/p>\n<header>\n<h1 style=\"text-align: justify;\"><span style=\"color: #ffcc00;\">Impressum<\/span><\/h1>\n<\/header>\n<div>\n<h2 style=\"text-align: justify;\"><span style=\"color: #ffcc00;\">Angaben gem\u00e4\u00df \u00a7 5 TMG:<\/span><\/h2>\n<p style=\"text-align: justify;\"><span style=\"color: #ffcc00;\">StRin\u00a0Stephanie Woessner B.A.<\/span><br \/>\n<span style=\"color: #ffcc00;\"> Albeck Gymnasium Sulz<\/span><br \/>\n<span style=\"color: #ffcc00;\"> Weilerstrasse 79<\/span><br \/>\n<span style=\"color: #ffcc00;\"> 72172 Sulz am Neckar<\/span><\/p>\n<h2 style=\"text-align: justify;\"><span style=\"color: #ffcc00;\">Kontakt:<\/span><\/h2>\n<address><span style=\"color: #ffcc00;\">Telefon \u00a0 \u00a0 \u00a0: 07454 9597-0 (Sekretariat der Schule)<\/span><\/address>\n<address><span style=\"color: #ffcc00;\">Email \u00a0 \u00a0 \u00a0 \u00a0 : stephanie.woessner(at)ags.rw.schule-bw.de<\/span><\/address>\n<address><span style=\"color: #ffcc00;\">Webseite \u00a0 :\u00a0<a style=\"color: #ffcc00;\" href=\"http:\/\/www.stephanie-woessner.de\/\">www.stephanie-woessner.de<\/a>\u00a0\u00a0<\/span><\/address>\n<address><span style=\"color: #ffcc00;\">\u00a0<\/span><\/address>\n<p style=\"text-align: justify;\"><span style=\"color: #ffcc00;\"><strong>Verantwortlich f\u00fcr den Inhalt nach \u00a7 55 Abs. 2 RStV:<\/strong><\/span><\/p>\n<p style=\"text-align: justify;\"><span style=\"color: #ffcc00;\">StRin\u00a0Stephanie Woessner B.A.<\/span><br \/>\n<span style=\"color: #ffcc00;\"> Albeck Gymnasium Sulz<\/span><br \/>\n<span style=\"color: #ffcc00;\"> Weilerstrasse 79<\/span><br \/>\n<span style=\"color: #ffcc00;\"> 72172 Sulz am Neckar<\/span><\/p>\n<p style=\"text-align: justify;\"><span style=\"color: #ffcc00;\">Quelle:\u00a0<em>Erstellt durch den\u00a0<a style=\"color: #ffcc00;\" href=\"http:\/\/www.e-recht24.de\/\" target=\"_blank\" rel=\"noopener\">Impressum-Generator<\/a>\u00a0von e-recht24.de f\u00fcr Privatpersonen.<\/em><\/span><\/p>\n<h2 style=\"text-align: justify;\"><span style=\"color: #ffcc00;\">Haftungsausschluss:<\/span><\/h2>\n<p style=\"text-align: justify;\"><span style=\"color: #ffcc00;\"><strong>Haftung f\u00fcr Inhalte<\/strong><\/span><\/p>\n<p style=\"text-align: justify;\"><span style=\"color: #ffcc00;\">Die Inhalte meiner Seiten wurden mit gr\u00f6\u00dfter Sorgfalt erstellt. F\u00fcr die Richtigkeit, Vollst\u00e4ndigkeit und Aktualit\u00e4t der Inhalte kann ich jedoch keine Gew\u00e4hr \u00fcbernehmen. Als Diensteanbieter\u00a0bin ich gem\u00e4\u00df \u00a7 7 Abs.1 TMG f\u00fcr\u00a0\u00a0eigene Inhalte auf diesen Seiten nach den allgemeinen Gesetzen verantwortlich. Nach \u00a7\u00a7 8 bis 10 TMG bin ich als Diensteanbieter jedoch nicht verpflichtet, \u00fcbermittelte oder gespeicherte fremde Informationen zu \u00fcberwachen oder nach Umst\u00e4nden zu forschen, die auf eine rechtswidrige T\u00e4tigkeit hinweisen. Verpflichtungen zur Entfernung oder Sperrung der Nutzung von Informationen nach den allgemeinen Gesetzen bleiben hiervon unber\u00fchrt. Eine diesbez\u00fcgliche Haftung ist jedoch erst ab dem Zeitpunkt der Kenntnis einer konkreten Rechtsverletzung m\u00f6glich. Bei Bekanntwerden von entsprechenden Rechtsverletzungen werde ich\u00a0diese Inhalte umgehend entfernen.<\/span><\/p>\n<p style=\"text-align: justify;\"><span style=\"color: #ffcc00;\"><strong>Haftung f\u00fcr Links<\/strong><\/span><\/p>\n<p style=\"text-align: justify;\"><span style=\"color: #ffcc00;\">Mein Angebot enth\u00e4lt Links zu externen Webseiten Dritter, auf deren Inhalte ich keinen Einfluss habe. Deshalb kann ich f\u00fcr diese fremden Inhalte auch keine Gew\u00e4hr \u00fcbernehmen. F\u00fcr die Inhalte der verlinkten Seiten ist stets der jeweilige Anbieter oder Betreiber der Seiten verantwortlich. Die verlinkten Seiten wurden zum Zeitpunkt der Verlinkung auf m\u00f6gliche Rechtsverst\u00f6\u00dfe \u00fcberpr\u00fcft. Rechtswidrige Inhalte waren zum Zeitpunkt der Verlinkung nicht erkennbar. Eine permanente inhaltliche Kontrolle der verlinkten Seiten ist jedoch ohne konkrete Anhaltspunkte\u00a0\u00a0\u00a0einer Rechtsverletzung nicht zumutbar. Bei Bekanntwerden von Rechtsverletzungen werde ich\u00a0derartige Links umgehend entfernen.<\/span><\/p>\n<p style=\"text-align: justify;\"><span style=\"color: #ffcc00;\"><strong>Urheberrecht<\/strong><\/span><\/p>\n<p style=\"text-align: justify;\"><span style=\"color: #ffcc00;\">Die durch die Seitenbetreiber\u00a0erstellten Inhalte und Werke auf diesen Seiten unterliegen dem deutschen Urheberrecht. Die Vervielf\u00e4ltigung, Bearbeitung, Verbreitung und jede Art der Verwertung au\u00dferhalb der Grenzen des Urheberrechtes bed\u00fcrfen der schriftlichen Zustimmung des jeweiligen Autors bzw. Erstellers. Downloads und\u00a0Kopien dieser Seite sind nur f\u00fcr den privaten, nicht kommerziellenGebrauch gestattet. Soweit die Inhalte auf dieser Seite nicht vom Betreiber erstellt wurden, werden die Urheberrechte Dritter beachtet. Insbesondere werden Inhalte Dritter als solche\u00a0\u00a0\u00a0gekennzeichnet. Sollten Sie trotzdem auf eine Urheberrechtsverletzung aufmerksam werden, bitte ich um einen entsprechenden Hinweis. Bei Bekanntwerden von Rechtsverletzungen werde ich\u00a0derartige Inhalte umgehend entfernen.<\/span><\/p>\n<p style=\"text-align: justify;\"><span style=\"color: #ffcc00;\"><strong>Datenschutz<\/strong><\/span><\/p>\n<p style=\"text-align: justify;\"><span style=\"color: #ffcc00;\">Die Nutzung unserer Webseite ist in der Regel ohne Angabe personenbezogener Daten m\u00f6glich. Soweit auf unseren Seiten personenbezogene Daten (beispielsweise Name, Anschrift oder eMail-Adressen) erhoben werden, erfolgt dies, soweit m\u00f6glich, stets auf freiwilliger Basis. Diese Daten werden ohne Ihre ausdr\u00fcckliche Zustimmung nicht an Dritte weitergegeben.<\/span><\/p>\n<p style=\"text-align: justify;\"><span style=\"color: #ffcc00;\">Ich weise darauf hin, dass die Daten\u00fcbertragung im Internet (z.B. bei der Kommunikation per E-Mail) Sicherheitsl\u00fccken aufweisen kann. Ein l\u00fcckenloser Schutz der Daten vor dem Zugriff durch Dritte ist nicht m\u00f6glich.<\/span><\/p>\n<p style=\"text-align: justify;\"><span style=\"color: #ffcc00;\">Der Nutzung von im Rahmen der Impressumspflicht\u00a0ver\u00f6ffentlichten Kontaktdaten\u00a0durch Dritte zur \u00dcbersendung von nicht ausdr\u00fccklich angeforderter Werbung und Informationsmaterialien wird hiermit ausdr\u00fccklich widersprochen. Die Betreiberin der Seiten beh\u00e4lt sich ausdr\u00fccklich rechtliche Schritte im Falle der unverlangten Zusendung von Werbeinformationen, etwa durch Spam-Mails, vor.<\/span><\/p>\n<p style=\"text-align: justify;\"><span style=\"color: #ffcc00;\"><strong>Datenschutzerkl\u00e4rung f\u00fcr die Nutzung von Facebook-Plugins (Like-Button)<\/strong><\/span><\/p>\n<p style=\"text-align: justify;\"><span style=\"color: #ffcc00;\">Auf meinen Seiten sind Plugins\u00a0des sozialen Netzwerks Facebook, 1601 South\u00a0California\u00a0Avenue, Palo\u00a0Alto, CA 94304, USA integriert. Die Facebook-Plugins erkennen Sie an dem Facebook-Logo oder dem \u201cLike-Button\u201d (\u201cGef\u00e4llt mir\u201d) auf meiner Seite. Eine \u00dcbersicht \u00fcber die Facebook-Plugins finden Sie hier:<a style=\"color: #ffcc00;\" href=\"http:\/\/developers.facebook.com\/docs\/plugins\/\" target=\"_blank\" rel=\"noopener\">http:\/\/developers.facebook.com\/docs\/plugins\/<\/a>.<\/span><br \/>\n<span style=\"color: #ffcc00;\"> Wenn Sie meine Seiten besuchen, wird \u00fcber das Plugin\u00a0eine direkte Verbindung zwischen Ihrem Browser und dem Facebook-Server hergestellt. Facebook\u00a0erh\u00e4lt dadurch die Information, dass Sie mit Ihrer IP-Adresse meine Seite besucht haben. Wenn Sie den Facebook\u00a0\u201dLike-Button\u201d anklicken w\u00e4hrend Sie in Ihrem Facebook-Account eingeloggt sind, k\u00f6nnen Sie die Inhalte unserer Seiten auf Ihrem Facebook-Profil verlinken. Dadurch kann Facebook den Besuch meiner Seiten Ihrem Benutzerkonto zuordnen. Ich weise darauf hin, dass ich als Anbieter der Seiten keine Kenntnis vom Inhalt der \u00fcbermittelten Daten sowie deren Nutzung durch Facebook erhalte. Weitere Informationen hierzu finden Sie in der Datenschutzerkl\u00e4rung\u00a0von facebook unter\u00a0<a style=\"color: #ffcc00;\" href=\"http:\/\/de-de.facebook.com\/policy.php\" target=\"_blank\" rel=\"noopener\">http:\/\/de-de.facebook.com\/policy.php<\/a><\/span><\/p>\n<p style=\"text-align: justify;\"><span style=\"color: #ffcc00;\">Wenn Sie nicht w\u00fcnschen, dass Facebook den Besuch unserer Seiten Ihrem\u00a0\u00a0 Facebook-Nutzerkonto zuordnen kann, loggen Sie sich bitte aus Ihrem\u00a0\u00a0Facebook-Benutzerkonto aus.<\/span><\/p>\n<p style=\"text-align: justify;\"><span style=\"color: #ffcc00;\"><strong>Datenschutzerkl\u00e4rung\u00a0f\u00fcr die Nutzung von Twitter<\/strong><\/span><\/p>\n<p style=\"text-align: justify;\"><span style=\"color: #ffcc00;\">Auf meiner Seite sind Funktionen des Dienstes Twitter\u00a0eingebunden. Diese Funktionen werden angeboten durch die Twitter\u00a0Inc., 795 Folsom\u00a0St., Suite 600, San Francisco, CA 94107, USA. Durch das Benutzen von Twitter\u00a0und der Funktion \u201cRe-Tweet\u201d werden die von Ihnen besuchten Webseiten mit Ihrem Twitter-Account verkn\u00fcpft und anderen Nutzern bekannt gegeben. Dabei werden auch Daten an Twitter \u00fcbertragen.<\/span><\/p>\n<p style=\"text-align: justify;\"><span style=\"color: #ffcc00;\">Ich weise darauf hin, dass ich als Anbieter der Seiten keine\u00a0Kenntnis vom Inhalt der \u00fcbermittelten Daten sowie deren Nutzung durch Twitter\u00a0erhalte. Weitere Informationen hierzu finden Sie in der\u00a0\u00a0Datenschutzerkl\u00e4rung\u00a0von Twitter unter\u00a0<a style=\"color: #ffcc00;\" href=\"http:\/\/twitter.com\/privacy\" target=\"_blank\" rel=\"noopener\">http:\/\/twitter.com\/privacy<\/a>.<\/span><\/p>\n<p style=\"text-align: justify;\"><span style=\"color: #ffcc00;\">Ihre Datenschutzeinstellungen\u00a0bei Twitter k\u00f6nnen Sie in den Konto-Einstellungen unter\u00a0<a style=\"color: #ffcc00;\" href=\"http:\/\/twitter.com\/account\/settings\" target=\"_blank\" rel=\"noopener\">http:\/\/twitter.com\/account\/settings<\/a>\u00a0\u00e4ndern.<\/span><\/p>\n<p style=\"text-align: justify;\"><span style=\"color: #ffcc00;\"><em>Quellverweis:\u00a0<a style=\"color: #ffcc00;\" href=\"http:\/\/www.e-recht24.de\/muster-disclaimer.htm\" target=\"_blank\" rel=\"noopener\">Disclaimer<\/a>\u00a0von eRecht24, dem Portal zum Internetrecht\u00a0von Rechtsanwalt S\u00f6ren Siebert,\u00a0<a style=\"color: #ffcc00;\" href=\"http:\/\/www.e-recht24.de\/artikel\/datenschutz\/6590-facebook-like-button-datenschutz-disclaimer.html\" target=\"_blank\" rel=\"noopener\">eRecht24 Facebook\u00a0Datenschutzerkl\u00e4rung<\/a>,\u00a0<a style=\"color: #ffcc00;\" href=\"http:\/\/twitter.com\/privacy\" target=\"_blank\" rel=\"noopener\">Datenschutzerkl\u00e4rung\u00a0Twitter<\/a><\/em><\/span><\/p>\n<\/div>\n<p><\/p>","protected":false},"excerpt":{"rendered":"<p>Impressum Angaben gem\u00e4\u00df \u00a7 5 TMG: StRin\u00a0Stephanie Woessner B.A. Albeck Gymnasium Sulz Weilerstrasse 79 72172 Sulz am Neckar Kontakt: Telefon \u00a0 \u00a0 \u00a0: 07454 9597-0 (Sekretariat der Schule) Email \u00a0 \u00a0 \u00a0 \u00a0 : stephanie.woessner(at)ags.rw.schule-bw.de Webseite \u00a0 :\u00a0www.stephanie-woessner.de\u00a0\u00a0 \u00a0 Verantwortlich f\u00fcr den Inhalt nach \u00a7 55 Abs. 2 RStV: StRin\u00a0Stephanie Woessner B.A. Albeck Gymnasium Sulz Weilerstrasse 79 72172 Sulz am<\/p>\n","protected":false},"author":2,"featured_media":0,"parent":0,"menu_order":0,"comment_status":"closed","ping_status":"open","template":"","meta":{"footnotes":""},"class_list":["post-43","page","type-page","status-publish","hentry"],"yoast_head":"<!-- This site is optimized with the Yoast SEO plugin v27.2 - https:\/\/yoast.com\/product\/yoast-seo-wordpress\/ -->\n<title>Impressum -<\/title>\n<meta name=\"robots\" content=\"index, follow, max-snippet:-1, max-image-preview:large, max-video-preview:-1\" \/>\n<link rel=\"canonical\" href=\"http:\/\/uam2016.stephanie-woessner.de\/mentions-legales-impressum\/\" \/>\n<meta property=\"og:locale\" content=\"de_DE\" \/>\n<meta property=\"og:type\" content=\"article\" \/>\n<meta property=\"og:title\" content=\"Impressum -\" \/>\n<meta property=\"og:description\" content=\"Impressum Angaben gem\u00e4\u00df \u00a7 5 TMG: StRin\u00a0Stephanie Woessner B.A. Albeck Gymnasium Sulz Weilerstrasse 79 72172 Sulz am Neckar Kontakt: Telefon \u00a0 \u00a0 \u00a0: 07454 9597-0 (Sekretariat der Schule) Email \u00a0 \u00a0 \u00a0 \u00a0 : stephanie.woessner(at)ags.rw.schule-bw.de Webseite \u00a0 :\u00a0www.stephanie-woessner.de\u00a0\u00a0 \u00a0 Verantwortlich f\u00fcr den Inhalt nach \u00a7 55 Abs. 2 RStV: StRin\u00a0Stephanie Woessner B.A. Albeck Gymnasium Sulz Weilerstrasse 79 72172 Sulz am\" \/>\n<meta property=\"og:url\" content=\"http:\/\/uam2016.stephanie-woessner.de\/mentions-legales-impressum\/\" \/>\n<meta property=\"article:modified_time\" content=\"2018-06-02T09:49:16+00:00\" \/>\n<meta name=\"twitter:card\" content=\"summary_large_image\" \/>\n<meta name=\"twitter:label1\" content=\"Gesch\u00e4tzte Lesezeit\" \/>\n\t<meta name=\"twitter:data1\" content=\"7\u00a0Minuten\" \/>\n<script type=\"application\/ld+json\" class=\"yoast-schema-graph\">{\"@context\":\"https:\/\/schema.org\",\"@graph\":[{\"@type\":\"WebPage\",\"@id\":\"http:\/\/uam2016.stephanie-woessner.de\/mentions-legales-impressum\/\",\"url\":\"http:\/\/uam2016.stephanie-woessner.de\/mentions-legales-impressum\/\",\"name\":\"Impressum -\",\"isPartOf\":{\"@id\":\"http:\/\/uam2016.stephanie-woessner.de\/de\/#website\"},\"datePublished\":\"2014-11-08T19:15:22+00:00\",\"dateModified\":\"2018-06-02T09:49:16+00:00\",\"breadcrumb\":{\"@id\":\"http:\/\/uam2016.stephanie-woessner.de\/mentions-legales-impressum\/#breadcrumb\"},\"inLanguage\":\"de\",\"potentialAction\":[{\"@type\":\"ReadAction\",\"target\":[\"http:\/\/uam2016.stephanie-woessner.de\/mentions-legales-impressum\/\"]}]},{\"@type\":\"BreadcrumbList\",\"@id\":\"http:\/\/uam2016.stephanie-woessner.de\/mentions-legales-impressum\/#breadcrumb\",\"itemListElement\":[{\"@type\":\"ListItem\",\"position\":1,\"name\":\"Startseite\",\"item\":\"http:\/\/uam2016.stephanie-woessner.de\/de\/\"},{\"@type\":\"ListItem\",\"position\":2,\"name\":\"Mentions L\u00e9gales\"}]},{\"@type\":\"WebSite\",\"@id\":\"http:\/\/uam2016.stephanie-woessner.de\/de\/#website\",\"url\":\"http:\/\/uam2016.stephanie-woessner.de\/de\/\",\"name\":\"\",\"description\":\"\",\"potentialAction\":[{\"@type\":\"SearchAction\",\"target\":{\"@type\":\"EntryPoint\",\"urlTemplate\":\"http:\/\/uam2016.stephanie-woessner.de\/de\/?s={search_term_string}\"},\"query-input\":{\"@type\":\"PropertyValueSpecification\",\"valueRequired\":true,\"valueName\":\"search_term_string\"}}],\"inLanguage\":\"de\"}]}<\/script>\n<!-- \/ Yoast SEO plugin. -->","yoast_head_json":{"title":"Impressum -","robots":{"index":"index","follow":"follow","max-snippet":"max-snippet:-1","max-image-preview":"max-image-preview:large","max-video-preview":"max-video-preview:-1"},"canonical":"http:\/\/uam2016.stephanie-woessner.de\/mentions-legales-impressum\/","og_locale":"de_DE","og_type":"article","og_title":"Impressum -","og_description":"Impressum Angaben gem\u00e4\u00df \u00a7 5 TMG: StRin\u00a0Stephanie Woessner B.A. Albeck Gymnasium Sulz Weilerstrasse 79 72172 Sulz am Neckar Kontakt: Telefon \u00a0 \u00a0 \u00a0: 07454 9597-0 (Sekretariat der Schule) Email \u00a0 \u00a0 \u00a0 \u00a0 : stephanie.woessner(at)ags.rw.schule-bw.de Webseite \u00a0 :\u00a0www.stephanie-woessner.de\u00a0\u00a0 \u00a0 Verantwortlich f\u00fcr den Inhalt nach \u00a7 55 Abs. 2 RStV: StRin\u00a0Stephanie Woessner B.A. Albeck Gymnasium Sulz Weilerstrasse 79 72172 Sulz am","og_url":"http:\/\/uam2016.stephanie-woessner.de\/mentions-legales-impressum\/","article_modified_time":"2018-06-02T09:49:16+00:00","twitter_card":"summary_large_image","twitter_misc":{"Gesch\u00e4tzte Lesezeit":"7\u00a0Minuten"},"schema":{"@context":"https:\/\/schema.org","@graph":[{"@type":"WebPage","@id":"http:\/\/uam2016.stephanie-woessner.de\/mentions-legales-impressum\/","url":"http:\/\/uam2016.stephanie-woessner.de\/mentions-legales-impressum\/","name":"Impressum -","isPartOf":{"@id":"http:\/\/uam2016.stephanie-woessner.de\/de\/#website"},"datePublished":"2014-11-08T19:15:22+00:00","dateModified":"2018-06-02T09:49:16+00:00","breadcrumb":{"@id":"http:\/\/uam2016.stephanie-woessner.de\/mentions-legales-impressum\/#breadcrumb"},"inLanguage":"de","potentialAction":[{"@type":"ReadAction","target":["http:\/\/uam2016.stephanie-woessner.de\/mentions-legales-impressum\/"]}]},{"@type":"BreadcrumbList","@id":"http:\/\/uam2016.stephanie-woessner.de\/mentions-legales-impressum\/#breadcrumb","itemListElement":[{"@type":"ListItem","position":1,"name":"Startseite","item":"http:\/\/uam2016.stephanie-woessner.de\/de\/"},{"@type":"ListItem","position":2,"name":"Mentions L\u00e9gales"}]},{"@type":"WebSite","@id":"http:\/\/uam2016.stephanie-woessner.de\/de\/#website","url":"http:\/\/uam2016.stephanie-woessner.de\/de\/","name":"","description":"","potentialAction":[{"@type":"SearchAction","target":{"@type":"EntryPoint","urlTemplate":"http:\/\/uam2016.stephanie-woessner.de\/de\/?s={search_term_string}"},"query-input":{"@type":"PropertyValueSpecification","valueRequired":true,"valueName":"search_term_string"}}],"inLanguage":"de"}]}},"jetpack_shortlink":"https:\/\/wp.me\/P5k6cS-H","jetpack_sharing_enabled":true,"_links":{"self":[{"href":"http:\/\/uam2016.stephanie-woessner.de\/de\/wp-json\/wp\/v2\/pages\/43","targetHints":{"allow":["GET"]}}],"collection":[{"href":"http:\/\/uam2016.stephanie-woessner.de\/de\/wp-json\/wp\/v2\/pages"}],"about":[{"href":"http:\/\/uam2016.stephanie-woessner.de\/de\/wp-json\/wp\/v2\/types\/page"}],"author":[{"embeddable":true,"href":"http:\/\/uam2016.stephanie-woessner.de\/de\/wp-json\/wp\/v2\/users\/2"}],"replies":[{"embeddable":true,"href":"http:\/\/uam2016.stephanie-woessner.de\/de\/wp-json\/wp\/v2\/comments?post=43"}],"version-history":[{"count":8,"href":"http:\/\/uam2016.stephanie-woessner.de\/de\/wp-json\/wp\/v2\/pages\/43\/revisions"}],"predecessor-version":[{"id":739,"href":"http:\/\/uam2016.stephanie-woessner.de\/de\/wp-json\/wp\/v2\/pages\/43\/revisions\/739"}],"wp:attachment":[{"href":"http:\/\/uam2016.stephanie-woessner.de\/de\/wp-json\/wp\/v2\/media?parent=43"}],"curies":[{"name":"wp","href":"https:\/\/api.w.org\/{rel}","templated":true}]}}