{"id":101,"date":"2014-11-10T15:09:05","date_gmt":"2014-11-10T13:09:05","guid":{"rendered":"http:\/\/uam2015.stephanie-woessner.de\/?page_id=101"},"modified":"2016-01-06T19:07:08","modified_gmt":"2016-01-06T17:07:08","slug":"applications-mobiles","status":"publish","type":"page","link":"http:\/\/uam2016.stephanie-woessner.de\/de\/applications-mobiles\/","title":{"rendered":"Apps"},"content":{"rendered":"<p><\/p>\n<p style=\"text-align: justify;\"><strong><span style=\"color: #ffcc00;\">Um MP3-Dateien auf dem Smartphone oder Tablet aufzunehmen: Smart Voice Recorder\u00a0(<a style=\"color: #ffcc00;\" href=\"https:\/\/play.google.com\/store\/apps\/details?id=com.andrwq.recorder&amp;hl=de\" target=\"_blank\">Android<\/a>) oder\u00a0Sprachrecorder kostenlos (<a href=\"https:\/\/itunes.apple.com\/de\/app\/enregistreur-vocal-gratuit\/id865981938?mt=8\" target=\"_blank\">iOS<\/a>)<\/span><\/strong><\/p>\n<p style=\"padding-left: 60px;\"><span style=\"color: #ffcc00;\">direkte Aufnahme auf dem Ger\u00e4t ohne Internetverbindung<\/span><\/p>\n<p style=\"padding-left: 60px;\"><span style=\"color: #ffcc00;\">Herunterladen auf den Computer m\u00f6glich<\/span><\/p>\n<p style=\"padding-left: 60px;\"><span style=\"color: #ffcc00;\">teilbar per Email oder \u00fcber andere Teilungsoptionen<\/span><\/p>\n<p style=\"padding-left: 60px;\"><span style=\"color: #ffcc00;\">Benutzung\u00a0(zum Herunterladen): <a href=\"http:\/\/uneaventurefrancoallemande.stephanie-woessner.de\/wp-content\/uploads\/2015\/01\/app_iphone.jpg\" target=\"_blank\">iOS<\/a>, <a href=\"http:\/\/uneaventurefrancoallemande.stephanie-woessner.de\/wp-content\/uploads\/2015\/01\/app_android.jpg\" target=\"_blank\">Android\u00a0<\/a><\/span><\/p>\n<p style=\"text-align: justify;\"><strong><span style=\"color: #ffcc00;\">Edmodo (<a style=\"color: #ffcc00;\" href=\"https:\/\/play.google.com\/store\/apps\/details?id=com.fusionprojects.edmodo&amp;hl=de\" target=\"_blank\">Android<\/a> \/ <a style=\"color: #ffcc00;\" href=\"https:\/\/itunes.apple.com\/de\/app\/edmodo\/id378352300?mt=8\" target=\"_blank\">iOS<\/a>)<\/span><\/strong><\/p>\n<p style=\"text-align: justify;\"><strong><span style=\"color: #ffcc00;\">BuddyPoke (<a href=\"https:\/\/play.google.com\/store\/apps\/details?id=com.buddypoke.buddypoke\" target=\"_blank\">Android<\/a> \/ <a href=\"https:\/\/itunes.apple.com\/us\/app\/3d-avatar-creator-send-animated\/id516708312?mt=8\" target=\"_blank\">iOS<\/a>)\u00a0<\/span><\/strong><\/p>\n<p style=\"text-align: justify;\"><strong><span style=\"color: #ffcc00;\">Konvertierung von Dateiformaten<\/span><\/strong><\/p>\n<p style=\"padding-left: 60px;\"><span style=\"color: #ffcc00;\">auf dem Computer mit einer kostenlosen Software: <a style=\"color: #ffcc00;\" href=\"http:\/\/www.freemake.com\/de\/free_video_converter\/\" target=\"_blank\">Freemake<\/a><\/span><\/p>\n<p style=\"padding-left: 60px;\"><span style=\"color: #ffcc00;\">Online: <a style=\"color: #ffcc00;\" href=\"http:\/\/www.online-convert.com\/\" target=\"_blank\">Online Convert<\/a><\/span><\/p>\n<p style=\"text-align: justify;\"><span style=\"color: #ffcc00;\"><strong>Unsere Webseite<\/strong> ist an Smartphone- und Tabletbildschirme angepasst, d.h. sie wird unterschiedlich angezeigt je nachdem wie gro\u00df der Bildschirm ist.\u00a0<\/span><\/p>\n<p><\/p>","protected":false},"excerpt":{"rendered":"<p>Um MP3-Dateien auf dem Smartphone oder Tablet aufzunehmen: Smart Voice Recorder\u00a0(Android) oder\u00a0Sprachrecorder kostenlos (iOS) direkte Aufnahme auf dem Ger\u00e4t ohne Internetverbindung Herunterladen auf den Computer m\u00f6glich teilbar per Email oder \u00fcber andere Teilungsoptionen Benutzung\u00a0(zum Herunterladen): iOS, Android\u00a0 Edmodo (Android \/ iOS) BuddyPoke (Android \/ iOS)\u00a0 Konvertierung von Dateiformaten auf dem Computer mit einer kostenlosen Software: Freemake Online: Online Convert Unsere<\/p>\n","protected":false},"author":2,"featured_media":0,"parent":0,"menu_order":0,"comment_status":"closed","ping_status":"closed","template":"","meta":{"footnotes":""},"class_list":["post-101","page","type-page","status-publish","hentry"],"yoast_head":"<!-- This site is optimized with the Yoast SEO plugin v27.2 - https:\/\/yoast.com\/product\/yoast-seo-wordpress\/ -->\n<title>Apps -<\/title>\n<meta name=\"robots\" content=\"index, follow, max-snippet:-1, max-image-preview:large, max-video-preview:-1\" \/>\n<link rel=\"canonical\" href=\"http:\/\/uam2016.stephanie-woessner.de\/de\/applications-mobiles\/\" \/>\n<meta property=\"og:locale\" content=\"de_DE\" \/>\n<meta property=\"og:type\" content=\"article\" \/>\n<meta property=\"og:title\" content=\"Apps -\" \/>\n<meta property=\"og:description\" content=\"Um MP3-Dateien auf dem Smartphone oder Tablet aufzunehmen: Smart Voice Recorder\u00a0(Android) oder\u00a0Sprachrecorder kostenlos (iOS) direkte Aufnahme auf dem Ger\u00e4t ohne Internetverbindung Herunterladen auf den Computer m\u00f6glich teilbar per Email oder \u00fcber andere Teilungsoptionen Benutzung\u00a0(zum Herunterladen): iOS, Android\u00a0 Edmodo (Android \/ iOS) BuddyPoke (Android \/ iOS)\u00a0 Konvertierung von Dateiformaten auf dem Computer mit einer kostenlosen Software: Freemake Online: Online Convert Unsere\" \/>\n<meta property=\"og:url\" content=\"http:\/\/uam2016.stephanie-woessner.de\/de\/applications-mobiles\/\" \/>\n<meta property=\"article:modified_time\" content=\"2016-01-06T17:07:08+00:00\" \/>\n<meta name=\"twitter:card\" content=\"summary_large_image\" \/>\n<meta name=\"twitter:label1\" content=\"Gesch\u00e4tzte Lesezeit\" \/>\n\t<meta name=\"twitter:data1\" content=\"1\u00a0Minute\" \/>\n<script type=\"application\/ld+json\" class=\"yoast-schema-graph\">{\"@context\":\"https:\/\/schema.org\",\"@graph\":[{\"@type\":\"WebPage\",\"@id\":\"http:\/\/uam2016.stephanie-woessner.de\/de\/applications-mobiles\/\",\"url\":\"http:\/\/uam2016.stephanie-woessner.de\/de\/applications-mobiles\/\",\"name\":\"Apps -\",\"isPartOf\":{\"@id\":\"http:\/\/uam2016.stephanie-woessner.de\/de\/#website\"},\"datePublished\":\"2014-11-10T13:09:05+00:00\",\"dateModified\":\"2016-01-06T17:07:08+00:00\",\"breadcrumb\":{\"@id\":\"http:\/\/uam2016.stephanie-woessner.de\/de\/applications-mobiles\/#breadcrumb\"},\"inLanguage\":\"de\",\"potentialAction\":[{\"@type\":\"ReadAction\",\"target\":[\"http:\/\/uam2016.stephanie-woessner.de\/de\/applications-mobiles\/\"]}]},{\"@type\":\"BreadcrumbList\",\"@id\":\"http:\/\/uam2016.stephanie-woessner.de\/de\/applications-mobiles\/#breadcrumb\",\"itemListElement\":[{\"@type\":\"ListItem\",\"position\":1,\"name\":\"Startseite\",\"item\":\"http:\/\/uam2016.stephanie-woessner.de\/de\/\"},{\"@type\":\"ListItem\",\"position\":2,\"name\":\"Apps\"}]},{\"@type\":\"WebSite\",\"@id\":\"http:\/\/uam2016.stephanie-woessner.de\/de\/#website\",\"url\":\"http:\/\/uam2016.stephanie-woessner.de\/de\/\",\"name\":\"\",\"description\":\"\",\"potentialAction\":[{\"@type\":\"SearchAction\",\"target\":{\"@type\":\"EntryPoint\",\"urlTemplate\":\"http:\/\/uam2016.stephanie-woessner.de\/de\/?s={search_term_string}\"},\"query-input\":{\"@type\":\"PropertyValueSpecification\",\"valueRequired\":true,\"valueName\":\"search_term_string\"}}],\"inLanguage\":\"de\"}]}<\/script>\n<!-- \/ Yoast SEO plugin. -->","yoast_head_json":{"title":"Apps -","robots":{"index":"index","follow":"follow","max-snippet":"max-snippet:-1","max-image-preview":"max-image-preview:large","max-video-preview":"max-video-preview:-1"},"canonical":"http:\/\/uam2016.stephanie-woessner.de\/de\/applications-mobiles\/","og_locale":"de_DE","og_type":"article","og_title":"Apps -","og_description":"Um MP3-Dateien auf dem Smartphone oder Tablet aufzunehmen: Smart Voice Recorder\u00a0(Android) oder\u00a0Sprachrecorder kostenlos (iOS) direkte Aufnahme auf dem Ger\u00e4t ohne Internetverbindung Herunterladen auf den Computer m\u00f6glich teilbar per Email oder \u00fcber andere Teilungsoptionen Benutzung\u00a0(zum Herunterladen): iOS, Android\u00a0 Edmodo (Android \/ iOS) BuddyPoke (Android \/ iOS)\u00a0 Konvertierung von Dateiformaten auf dem Computer mit einer kostenlosen Software: Freemake Online: Online Convert Unsere","og_url":"http:\/\/uam2016.stephanie-woessner.de\/de\/applications-mobiles\/","article_modified_time":"2016-01-06T17:07:08+00:00","twitter_card":"summary_large_image","twitter_misc":{"Gesch\u00e4tzte Lesezeit":"1\u00a0Minute"},"schema":{"@context":"https:\/\/schema.org","@graph":[{"@type":"WebPage","@id":"http:\/\/uam2016.stephanie-woessner.de\/de\/applications-mobiles\/","url":"http:\/\/uam2016.stephanie-woessner.de\/de\/applications-mobiles\/","name":"Apps -","isPartOf":{"@id":"http:\/\/uam2016.stephanie-woessner.de\/de\/#website"},"datePublished":"2014-11-10T13:09:05+00:00","dateModified":"2016-01-06T17:07:08+00:00","breadcrumb":{"@id":"http:\/\/uam2016.stephanie-woessner.de\/de\/applications-mobiles\/#breadcrumb"},"inLanguage":"de","potentialAction":[{"@type":"ReadAction","target":["http:\/\/uam2016.stephanie-woessner.de\/de\/applications-mobiles\/"]}]},{"@type":"BreadcrumbList","@id":"http:\/\/uam2016.stephanie-woessner.de\/de\/applications-mobiles\/#breadcrumb","itemListElement":[{"@type":"ListItem","position":1,"name":"Startseite","item":"http:\/\/uam2016.stephanie-woessner.de\/de\/"},{"@type":"ListItem","position":2,"name":"Apps"}]},{"@type":"WebSite","@id":"http:\/\/uam2016.stephanie-woessner.de\/de\/#website","url":"http:\/\/uam2016.stephanie-woessner.de\/de\/","name":"","description":"","potentialAction":[{"@type":"SearchAction","target":{"@type":"EntryPoint","urlTemplate":"http:\/\/uam2016.stephanie-woessner.de\/de\/?s={search_term_string}"},"query-input":{"@type":"PropertyValueSpecification","valueRequired":true,"valueName":"search_term_string"}}],"inLanguage":"de"}]}},"jetpack_shortlink":"https:\/\/wp.me\/P5k6cS-1D","jetpack_sharing_enabled":true,"_links":{"self":[{"href":"http:\/\/uam2016.stephanie-woessner.de\/de\/wp-json\/wp\/v2\/pages\/101","targetHints":{"allow":["GET"]}}],"collection":[{"href":"http:\/\/uam2016.stephanie-woessner.de\/de\/wp-json\/wp\/v2\/pages"}],"about":[{"href":"http:\/\/uam2016.stephanie-woessner.de\/de\/wp-json\/wp\/v2\/types\/page"}],"author":[{"embeddable":true,"href":"http:\/\/uam2016.stephanie-woessner.de\/de\/wp-json\/wp\/v2\/users\/2"}],"replies":[{"embeddable":true,"href":"http:\/\/uam2016.stephanie-woessner.de\/de\/wp-json\/wp\/v2\/comments?post=101"}],"version-history":[{"count":9,"href":"http:\/\/uam2016.stephanie-woessner.de\/de\/wp-json\/wp\/v2\/pages\/101\/revisions"}],"predecessor-version":[{"id":513,"href":"http:\/\/uam2016.stephanie-woessner.de\/de\/wp-json\/wp\/v2\/pages\/101\/revisions\/513"}],"wp:attachment":[{"href":"http:\/\/uam2016.stephanie-woessner.de\/de\/wp-json\/wp\/v2\/media?parent=101"}],"curies":[{"name":"wp","href":"https:\/\/api.w.org\/{rel}","templated":true}]}}